{"id":5,"date":"2018-12-07T01:22:28","date_gmt":"2018-12-07T00:22:28","guid":{"rendered":"https:\/\/www.unterkunft-schwendi.de\/?page_id=5"},"modified":"2024-05-03T14:06:24","modified_gmt":"2024-05-03T12:06:24","slug":"home","status":"publish","type":"page","link":"https:\/\/www.unterkunft-schwendi.de\/","title":{"rendered":"Home"},"content":{"rendered":"\n\n\t\t\t<h1>Willkommen im Haus Strehl in Gro\u00dfschafhausen<\/h1>\t\t\t\n<h2>\n\t\tWillkommen im Haus Strehl\n\t<\/h2>\n\t<p>Wir bieten Ihnen im Zentrum von Gro\u00dfschafhausen-Schwendi eine komfortable Unterkunft in einer komplett neu renovierten Wohnung. Egal ob Urlauber, Monteure oder Studenten, Sie sind alle herzlich bei uns willkommen.<\/p>\n<p>Unsere Preise richten sich je nach Ausstattung und Zimmer, f\u00fcr mehr Informationen hierzu melden Sie sich jederzeit gerne bei uns.<\/p>\n\t\t\t\t<img loading=\"lazy\" src=\"https:\/\/www.unterkunft-schwendi.de\/wp-content\/uploads\/2019\/10\/69d0ee01-15d6-42c8-998e-5ff4f5b6a7f2-1024x768.jpg\" alt=\"69d0ee01-15d6-42c8-998e-5ff4f5b6a7f2\" itemprop=\"image\" height=\"768\" width=\"1024\" title=\"69d0ee01-15d6-42c8-998e-5ff4f5b6a7f2\" onerror=\"this.style.display='none'\"  \/>\n\t<h2>\n\t\t\t\t\u00dcber Uns\n\t\t\t<\/h2>\n\t\t\t\t<img src=\"https:\/\/www.unterkunft-schwendi.de\/wp-content\/uploads\/2019\/05\/Haus_Strehl_Logo_seperator.png\" alt=\"Haus_Strehl_Logo_seperator\" title=\"Haus_Strehl_Logo_seperator\" itemprop=\"image\"\/>\n\t\t<p>Unser Haus liegt im Ortszentrum von Gro\u00dfschafhausen dennoch sehr ruhige Lage. Das Haus liegt sehr zentral, bis nach Ulm sind es 22 Kilometer, Laupheim 10 Kilometer und Biberach 20 Kilometer.<\/p>\t\n\t\t<!-- Comment to fix spacing issue\n\t-->\n\t\t<h2>0<\/h2>Betten\n\t<!-- Comment to fix spacing issue\n\t-->\t\n\t\t<!-- Comment to fix spacing issue\n\t-->\n\t\t<h2>0<\/h2>Quadratmeter\n\t<!-- Comment to fix spacing issue\n\t-->\t\n\t\t<!-- Comment to fix spacing issue\n\t-->\n\t\t<h2>0<\/h2>B\u00e4der\n\t<!-- Comment to fix spacing issue\n\t-->\t\n\t\t<!-- Comment to fix spacing issue\n\t-->\n\t\t<h2>0<\/h2>Stellpl\u00e4tze\n\t<!-- Comment to fix spacing issue\n\t-->\t\n\t\t\t\t\t\t\t\t\t\t\t\t<h2>Zimmer<\/h2>\n\t\t\t<!-- END .front -->\n\t\t\t\t\t\t\t\t\t\t<h2>Unser 2 Zimmer<\/h2>\n\t\t\t\t\t\t<p>Unsere \u00a0Zimmer eignen sich f\u00fcr Gesch\u00e4ftsreisende und Monteure.<\/p>\t\t\t\t\t\n\t\t\t<!-- END .back -->\n\t\t <!-- ifb-flip-box -->\n\t <!-- flip-box -->\n\t\t\t\t\t\t\t\t\t\t\t\t<h2>Appartment<\/h2>\n\t\t\t<!-- END .front -->\n\t\t\t\t\t\t\t\t\t\t<h2>Unser Appartment<\/h2>\n\t\t\t\t\t\t<p>Unser Appartement ist f\u00fcr zwei einzelne Personen ausgerichtet, eine Aufbettung jedoch m\u00f6glich. Zudem kann Ihnen noch ein Babybett bereitgestellt werden.<\/p>\t\t\t\t\t\n\t\t\t<!-- END .back -->\n\t\t <!-- ifb-flip-box -->\n\t <!-- flip-box -->\n\t\t\t\t\t\t\t\t\t\t\t\t<h2>Ferienwohnung<\/h2>\n\t\t\t<!-- END .front -->\n\t\t\t\t\t\t\t\t\t\t<h2>Unser Zimmer<\/h2>\n\t\t\t\t\t\t<p>Unsere Ferienwohnung mit Alpenblick.<\/p>\t\t\t\t\t\n\t\t\t<!-- END .back -->\n\t\t <!-- ifb-flip-box -->\n\t <!-- flip-box -->\n\t<h2>\n\t\t\t\tDas Zimmer\n\t\t\t<\/h2>\n\t\t<p>Die Zimmer sind komplett renoviert und mit neuen M\u00f6beln ausgestattet worden.<\/p><ul><li>Komfortable 2 Betten jeweils 1 m breite mit verstellbaren Lattenrost<\/li><li>Tisch und Stuhl<\/li><li>K\u00fchlschrank mit Gefrierfach<\/li><li>Geschirr und Besteck<\/li><li>Kleiderschrank<\/li><li>Fernseher und WLAN<\/li><li>Gemeinsame Nutzung von K\u00fcche, Bad und WC<\/li><li>Parkpl\u00e4tze auf hauseigenen Parkplatz<\/li><li>Inklusive Balkon<\/li><\/ul>\t\n\t<h2>\n\t\t\t\tDas Appartment\n\t\t\t<\/h2>\n\t\t<p>Die Zimmer sind komplett renoviert und mit neuen M\u00f6beln ausgestattet worden.<\/p><ul><li>Komfortable 2 Betten jeweils 1 m breite mit verstellbaren Lattenrost<\/li><li>Tisch und Stuhl<\/li><li>K\u00fchlschrank mit Gefrierfach<\/li><li>Geschirr und Besteck<\/li><li>Kleiderschrank<\/li><li>Fernseher und WLAN<\/li><li>Gemeinsame Nutzung von K\u00fcche, Bad und WC<\/li><li>Parkpl\u00e4tze auf hauseigenen Parkplatz<\/li><li>Inklusive Balkon<\/li><\/ul>\t\n\t<h2>\n\t\t\t\tDie Ferienwohnung\n\t\t\t<\/h2>\n\t\tUnsere Ferienwohnung\u00a0mit Alpenblick.<ul><li>1 Schlafzimmer<\/li><li>K\u00fcche mit Wohnbereich<\/li><li>Bad separat<\/li><li>Maximal f\u00fcr 3 Personen<\/li><li>Parkplatz und WLAN<\/li><\/ul>\t\n\t<h2>\n\t\t\t\tLassen Sie Ihre Seele baumeln bei endlosen Spazierg\u00e4ngen im wundersch\u00f6nen Gro\u00dfschafhausen\n\t\t\t<\/h2>\n\t<h2>\n\t\t\t\tGalerie\n\t\t\t<\/h2>\n\t\t\t\t<img src=\"https:\/\/www.unterkunft-schwendi.de\/wp-content\/uploads\/2019\/05\/Haus_Strehl_Logo_seperator.png\" alt=\"Haus_Strehl_Logo_seperator\" title=\"Haus_Strehl_Logo_seperator\" itemprop=\"image\"\/>\n\t<h2>\n\t\t\t\tSie sind interessiert an unseren Apartments? Dann melden Sie sich bei uns!\n\t\t\t<\/h2>\n\t\t\t<a href=\"\" target=\"_self\" role=\"button\" rel=\"noopener\">\n\t\t\t\t\t\tJetzt mehr Informationen anfordern\n\t\t\t\t\t<\/a>\n\t\t\t\t<img src=\"https:\/\/www.unterkunft-schwendi.de\/wp-content\/uploads\/bb-plugin\/cache\/frau01-circle-circle.jpg\" alt=\"frau01-circle\" title=\"frau01-circle\" itemprop=\"image\"\/>\n\t\t\t\t\t\t\t<h3 class='uabb-testimonial-author-name testimonial-author-name'>Familie Dornies<\/h3>\n                              <input type=\"radio\" value=\"5\"\/>\n                  <label title=\"5 out of 5 stars\"><\/label>\n                  <input type=\"radio\" value=\"4\"\/>\n                  <label title=\"4 out of 5 stars\"><\/label>\n                  <input type=\"radio\" value=\"3\"\/>\n                  <label title=\"3 out of 5 stars\"><\/label>\n                  <input type=\"radio\" value=\"2\"\/>\n                  <label title=\"2 out of 5 stars\"><\/label>\n                  <input type=\"radio\" value=\"1\"\/>\n                  <label title=\"1 out of 5 stars\"><\/label>\n\t\t\t\t\t\t\t\t\t\t\t\n\t\t\t\t<img src=\"https:\/\/www.unterkunft-schwendi.de\/wp-content\/uploads\/bb-plugin\/cache\/mann02-circle-circle.jpg\" alt=\"mann02-circle\" title=\"mann02-circle\" itemprop=\"image\"\/>\n\t\t\t\t\t\t\t<h3 class='uabb-testimonial-author-name testimonial-author-name'>Hans M\u00fcller<\/h3>\n                              <input type=\"radio\" value=\"5\"\/>\n                  <label title=\"5 out of 5 stars\"><\/label>\n                  <input type=\"radio\" value=\"4\"\/>\n                  <label title=\"4 out of 5 stars\"><\/label>\n                  <input type=\"radio\" value=\"3\"\/>\n                  <label title=\"3 out of 5 stars\"><\/label>\n                  <input type=\"radio\" value=\"2\"\/>\n                  <label title=\"2 out of 5 stars\"><\/label>\n                  <input type=\"radio\" value=\"1\"\/>\n                  <label title=\"1 out of 5 stars\"><\/label>\n\t\t\t\t\t\t\t\t\t\t\t\n\t\t\t\t<img src=\"https:\/\/www.unterkunft-schwendi.de\/wp-content\/uploads\/bb-plugin\/cache\/mann01-circle-circle.jpg\" alt=\"mann01-circle\" title=\"mann01-circle\" itemprop=\"image\"\/>\n\t\t\t\t\t\t\t<h3 class='uabb-testimonial-author-name testimonial-author-name'>Volker Mayer<\/h3>\n                              <input type=\"radio\" value=\"5\"\/>\n                  <label title=\"5 out of 5 stars\"><\/label>\n                  <input type=\"radio\" value=\"4\"\/>\n                  <label title=\"4 out of 5 stars\"><\/label>\n                  <input type=\"radio\" value=\"3\"\/>\n                  <label title=\"3 out of 5 stars\"><\/label>\n                  <input type=\"radio\" value=\"2\"\/>\n                  <label title=\"2 out of 5 stars\"><\/label>\n                  <input type=\"radio\" value=\"1\"\/>\n                  <label title=\"1 out of 5 stars\"><\/label>\n\t\t\t\t\t\t\t\t\t\t\t\n\t<iframe src=\"https:\/\/www.google.com\/maps\/embed\/v1\/place?q=Haupstra%C3%9Fe+119+%7C+88477+Gro%C3%9Fschafhausen+%2F+Schwendi&#038;key=AIzaSyD09zQ9PNDNNy9TadMuzRV_UsPUoWKntt8\" aria-hidden=\"true\"><\/iframe>\n\t<h2>\n\t\t\t\tKontakt\n\t\t\t<\/h2>\n\t\t\t\t<img src=\"https:\/\/www.unterkunft-schwendi.de\/wp-content\/uploads\/2019\/05\/Haus_Strehl_Logo_seperator.png\" alt=\"Haus_Strehl_Logo_seperator\" title=\"Haus_Strehl_Logo_seperator\" itemprop=\"image\"\/>\n\t\t\t\n\t<h3>\n\t\t\t\tUnsere Kontaktdaten\n\t\t\t<\/h3>\n\t<ul>\n\t\t<li>\t\t\t\t\n\t\t<h3>Adresse<\/h3><p>Haupstra\u00dfe 119 | 88477 Gro\u00dfschafhausen \/ Schwendi<\/p><\/li><li>\t\t\t\t\n\t\t<h3>Telefon<\/h3><p>Tel: 07353 &#8211; 9825351<br \/>Mobil: 0170 &#8211; 9677770<\/p><\/li><li>\t\t\t\t\n\t\t<h3>E-Mail Adresse<\/h3><p>Mail: info@unterkunft-schwendi.de<\/p><\/li>\t<\/ul>\n\t\t\t<a href=\"https:\/\/www.google.de\/maps\/dir\/\/Hauptstra%C3%9Fe+115,+88477+Schwendi\/@48.1900472,9.9703234,17z\/data=!3m1!4b1!4m8!4m7!1m0!1m5!1m1!1s0x479bddc64208d2a7:0x2a5cd9bf016b15c1!2m2!1d9.9725121!2d48.1900436\" target=\"_self\" role=\"button\" rel=\"noopener\">\n\t\t\t\t\t\tRoutenplaner\n\t\t\t\t\t<\/a>\n\t<h3>\n\t\t\t\tKontaktieren Sie uns\n\t\t\t<\/h3>\n\n","protected":false},"excerpt":{"rendered":"<p>Willkommen im Haus Strehl in Gro\u00dfschafhausen Willkommen im Haus Strehl Wir bieten Ihnen im Zentrum von Gro\u00dfschafhausen-Schwendi eine komfortable Unterkunft in einer komplett neu renovierten Wohnung. Egal ob Urlauber, Monteure oder Studenten, Sie sind alle herzlich bei uns willkommen. Unsere Preise richten sich je nach Ausstattung und Zimmer, f\u00fcr mehr Informationen hierzu melden Sie sich&hellip;<\/p>\n","protected":false},"author":1,"featured_media":0,"parent":0,"menu_order":0,"comment_status":"closed","ping_status":"closed","template":"","meta":[],"_links":{"self":[{"href":"https:\/\/www.unterkunft-schwendi.de\/index.php\/wp-json\/wp\/v2\/pages\/5"}],"collection":[{"href":"https:\/\/www.unterkunft-schwendi.de\/index.php\/wp-json\/wp\/v2\/pages"}],"about":[{"href":"https:\/\/www.unterkunft-schwendi.de\/index.php\/wp-json\/wp\/v2\/types\/page"}],"author":[{"embeddable":true,"href":"https:\/\/www.unterkunft-schwendi.de\/index.php\/wp-json\/wp\/v2\/users\/1"}],"replies":[{"embeddable":true,"href":"https:\/\/www.unterkunft-schwendi.de\/index.php\/wp-json\/wp\/v2\/comments?post=5"}],"version-history":[{"count":54,"href":"https:\/\/www.unterkunft-schwendi.de\/index.php\/wp-json\/wp\/v2\/pages\/5\/revisions"}],"predecessor-version":[{"id":439,"href":"https:\/\/www.unterkunft-schwendi.de\/index.php\/wp-json\/wp\/v2\/pages\/5\/revisions\/439"}],"wp:attachment":[{"href":"https:\/\/www.unterkunft-schwendi.de\/index.php\/wp-json\/wp\/v2\/media?parent=5"}],"curies":[{"name":"wp","href":"https:\/\/api.w.org\/{rel}","templated":true}]}}